{"id":1560,"date":"2024-11-13T17:47:48","date_gmt":"2024-11-13T17:47:48","guid":{"rendered":"https:\/\/aventurasworld.com\/?page_id=1560"},"modified":"2025-04-30T23:46:12","modified_gmt":"2025-04-30T23:46:12","slug":"punta-cana","status":"publish","type":"page","link":"https:\/\/aventurasworld.com\/es\/punta-cana\/","title":{"rendered":"Punta Cana"},"content":{"rendered":"<div data-elementor-type=\"wp-page\" data-elementor-id=\"1560\" class=\"elementor elementor-1560\">\n\t\t\t\t\t\t<section class=\"elementor-section elementor-top-section elementor-element elementor-element-1e04045 elementor-section-boxed elementor-section-height-default elementor-section-height-default\" data-id=\"1e04045\" data-element_type=\"section\" data-settings=\"{&quot;background_background&quot;:&quot;classic&quot;}\">\n\t\t\t\t\t\t\t<div class=\"elementor-background-overlay\"><\/div>\n\t\t\t\t\t\t\t<div class=\"elementor-container elementor-column-gap-no\">\n\t\t\t\t\t<div class=\"elementor-column elementor-col-100 elementor-top-column elementor-element elementor-element-bbbd438\" data-id=\"bbbd438\" data-element_type=\"column\">\n\t\t\t<div class=\"elementor-widget-wrap elementor-element-populated\">\n\t\t\t\t\t\t<div class=\"elementor-element elementor-element-6cd514e elementor-widget elementor-widget-heading\" data-id=\"6cd514e\" data-element_type=\"widget\" data-widget_type=\"heading.default\">\n\t\t\t\t<div class=\"elementor-widget-container\">\n\t\t\t\t\t<h1 class=\"elementor-heading-title elementor-size-default\">Punta Cana<\/h1>\t\t\t\t<\/div>\n\t\t\t\t<\/div>\n\t\t\t\t\t<\/div>\n\t\t<\/div>\n\t\t\t\t\t<\/div>\n\t\t<\/section>\n\t\t\t\t<section class=\"elementor-section elementor-top-section elementor-element elementor-element-60c1c9e elementor-section-boxed elementor-section-height-default elementor-section-height-default\" data-id=\"60c1c9e\" data-element_type=\"section\">\n\t\t\t\t\t\t<div class=\"elementor-container elementor-column-gap-no\">\n\t\t\t\t\t<div class=\"elementor-column elementor-col-50 elementor-top-column elementor-element elementor-element-3f1dadf\" data-id=\"3f1dadf\" data-element_type=\"column\" data-settings=\"{&quot;background_background&quot;:&quot;classic&quot;}\">\n\t\t\t<div class=\"elementor-widget-wrap elementor-element-populated\">\n\t\t\t\t\t\t<div class=\"elementor-element elementor-element-1126aa2 elementor-widget elementor-widget-text-editor\" data-id=\"1126aa2\" data-element_type=\"widget\" data-widget_type=\"text-editor.default\">\n\t\t\t\t<div class=\"elementor-widget-container\">\n\t\t\t\t\t\t\t\t\t<p>La arena azucarada de una playa de Punta Cana es tan suave, tan perfectamente dorada que podr\u00eda pensarse que es sint\u00e9tica. Y de hecho, en este extremo oriental de la Rep\u00fablica Dominicana, es posible. Por definici\u00f3n, Punta Cana es una escapada caribe\u00f1a manufacturada, completamente adaptada a las necesidades de los veraneantes en busca de sol que disfrutan de los resorts con todo incluido, pero a los que les importa poco aventurarse fuera de su hotel, aunque les esperen un mont\u00f3n de joyas ocultas y aventuras. Con unas 50.000 habitaciones de hotel a precios asequibles, Punta Cana atrae a la jet-set, sobre todo a la de presupuesto ajustado.<\/p><p>Aunque este destino es m\u00e1s conocido por la relajaci\u00f3n que por la aventura, los visitantes pueden saciarse de emociones saltando en el Hoyo Azul de Scape Park o perfeccionando su swing en desafiantes campos de golf como Punta Espada o La Cana. En general, este escondite caribe\u00f1o de precio razonable est\u00e1 hecho para viajeros de todas las edades que buscan un giro relajante de la norma.<\/p>\t\t\t\t\t\t\t\t<\/div>\n\t\t\t\t<\/div>\n\t\t\t\t<div class=\"elementor-element elementor-element-3558008 elementor-align-center elementor-widget elementor-widget-button\" data-id=\"3558008\" data-element_type=\"widget\" data-widget_type=\"button.default\">\n\t\t\t\t<div class=\"elementor-widget-container\">\n\t\t\t\t\t\t\t\t\t<div class=\"elementor-button-wrapper\">\n\t\t\t\t\t<a class=\"elementor-button elementor-button-link elementor-size-sm\" href=\"https:\/\/aventurasworld.com\/es\/producto\/punta-cana\/\">\n\t\t\t\t\t\t<span class=\"elementor-button-content-wrapper\">\n\t\t\t\t\t\t\t\t\t<span class=\"elementor-button-text\">From $1,350<\/span>\n\t\t\t\t\t<\/span>\n\t\t\t\t\t<\/a>\n\t\t\t\t<\/div>\n\t\t\t\t\t\t\t\t<\/div>\n\t\t\t\t<\/div>\n\t\t\t\t\t<\/div>\n\t\t<\/div>\n\t\t\t\t<div class=\"elementor-column elementor-col-50 elementor-top-column elementor-element elementor-element-a17852a\" data-id=\"a17852a\" data-element_type=\"column\" data-settings=\"{&quot;background_background&quot;:&quot;classic&quot;}\">\n\t\t\t<div class=\"elementor-widget-wrap elementor-element-populated\">\n\t\t\t\t\t\t<div class=\"elementor-element elementor-element-fdc554c elementor-widget__width-auto e-transform elementor-widget elementor-widget-image\" data-id=\"fdc554c\" data-element_type=\"widget\" data-settings=\"{&quot;_transform_translateX_effect&quot;:{&quot;unit&quot;:&quot;px&quot;,&quot;size&quot;:-28,&quot;sizes&quot;:[]},&quot;_transform_translateY_effect&quot;:{&quot;unit&quot;:&quot;px&quot;,&quot;size&quot;:0,&quot;sizes&quot;:[]},&quot;_transform_translateX_effect_tablet&quot;:{&quot;unit&quot;:&quot;px&quot;,&quot;size&quot;:0,&quot;sizes&quot;:[]},&quot;_transform_translateX_effect_mobile&quot;:{&quot;unit&quot;:&quot;px&quot;,&quot;size&quot;:&quot;&quot;,&quot;sizes&quot;:[]},&quot;_transform_translateY_effect_tablet&quot;:{&quot;unit&quot;:&quot;px&quot;,&quot;size&quot;:&quot;&quot;,&quot;sizes&quot;:[]},&quot;_transform_translateY_effect_mobile&quot;:{&quot;unit&quot;:&quot;px&quot;,&quot;size&quot;:&quot;&quot;,&quot;sizes&quot;:[]}}\" data-widget_type=\"image.default\">\n\t\t\t\t<div class=\"elementor-widget-container\">\n\t\t\t\t\t\t\t\t\t\t\t\t\t\t\t<img fetchpriority=\"high\" decoding=\"async\" width=\"1024\" height=\"553\" src=\"https:\/\/aventurasworld.com\/wp-content\/uploads\/2024\/11\/4-1.jpg\" class=\"elementor-animation-bob attachment-full size-full wp-image-1562\" alt=\"\" srcset=\"https:\/\/aventurasworld.com\/wp-content\/uploads\/2024\/11\/4-1.jpg 1024w, https:\/\/aventurasworld.com\/wp-content\/uploads\/2024\/11\/4-1-600x324.jpg 600w, https:\/\/aventurasworld.com\/wp-content\/uploads\/2024\/11\/4-1-300x162.jpg 300w, https:\/\/aventurasworld.com\/wp-content\/uploads\/2024\/11\/4-1-768x415.jpg 768w, https:\/\/aventurasworld.com\/wp-content\/uploads\/2024\/11\/4-1-18x10.jpg 18w\" sizes=\"(max-width: 1024px) 100vw, 1024px\" \/>\t\t\t\t\t\t\t\t\t\t\t\t\t\t\t<\/div>\n\t\t\t\t<\/div>\n\t\t\t\t<div class=\"elementor-element elementor-element-4539147 elementor-widget__width-auto e-transform elementor-widget elementor-widget-image\" data-id=\"4539147\" data-element_type=\"widget\" data-settings=\"{&quot;_transform_translateX_effect&quot;:{&quot;unit&quot;:&quot;px&quot;,&quot;size&quot;:-28,&quot;sizes&quot;:[]},&quot;_transform_translateY_effect&quot;:{&quot;unit&quot;:&quot;px&quot;,&quot;size&quot;:0,&quot;sizes&quot;:[]},&quot;_transform_translateX_effect_tablet&quot;:{&quot;unit&quot;:&quot;px&quot;,&quot;size&quot;:0,&quot;sizes&quot;:[]},&quot;_transform_translateX_effect_mobile&quot;:{&quot;unit&quot;:&quot;px&quot;,&quot;size&quot;:&quot;&quot;,&quot;sizes&quot;:[]},&quot;_transform_translateY_effect_tablet&quot;:{&quot;unit&quot;:&quot;px&quot;,&quot;size&quot;:&quot;&quot;,&quot;sizes&quot;:[]},&quot;_transform_translateY_effect_mobile&quot;:{&quot;unit&quot;:&quot;px&quot;,&quot;size&quot;:&quot;&quot;,&quot;sizes&quot;:[]}}\" data-widget_type=\"image.default\">\n\t\t\t\t<div class=\"elementor-widget-container\">\n\t\t\t\t\t\t\t\t\t\t\t\t\t\t\t<img decoding=\"async\" width=\"1280\" height=\"858\" src=\"https:\/\/aventurasworld.com\/wp-content\/uploads\/2024\/11\/1.jpg\" class=\"elementor-animation-bob attachment-full size-full wp-image-1563\" alt=\"\" srcset=\"https:\/\/aventurasworld.com\/wp-content\/uploads\/2024\/11\/1.jpg 1280w, https:\/\/aventurasworld.com\/wp-content\/uploads\/2024\/11\/1-600x402.jpg 600w, https:\/\/aventurasworld.com\/wp-content\/uploads\/2024\/11\/1-300x201.jpg 300w, https:\/\/aventurasworld.com\/wp-content\/uploads\/2024\/11\/1-1024x686.jpg 1024w, https:\/\/aventurasworld.com\/wp-content\/uploads\/2024\/11\/1-768x515.jpg 768w, https:\/\/aventurasworld.com\/wp-content\/uploads\/2024\/11\/1-18x12.jpg 18w\" sizes=\"(max-width: 1280px) 100vw, 1280px\" \/>\t\t\t\t\t\t\t\t\t\t\t\t\t\t\t<\/div>\n\t\t\t\t<\/div>\n\t\t\t\t<div class=\"elementor-element elementor-element-672f5cf elementor-widget-divider--view-line elementor-widget elementor-widget-divider\" data-id=\"672f5cf\" data-element_type=\"widget\" data-widget_type=\"divider.default\">\n\t\t\t\t<div class=\"elementor-widget-container\">\n\t\t\t\t\t\t\t<div class=\"elementor-divider\">\n\t\t\t<span class=\"elementor-divider-separator\">\n\t\t\t\t\t\t<\/span>\n\t\t<\/div>\n\t\t\t\t\t\t<\/div>\n\t\t\t\t<\/div>\n\t\t\t\t\t<\/div>\n\t\t<\/div>\n\t\t\t\t\t<\/div>\n\t\t<\/section>\n\t\t<div class=\"elementor-element elementor-element-85421d2 e-flex e-con-boxed e-con e-parent\" data-id=\"85421d2\" data-element_type=\"container\" data-settings=\"{&quot;background_background&quot;:&quot;classic&quot;}\">\n\t\t\t\t\t<div class=\"e-con-inner\">\n\t\t<div class=\"elementor-element elementor-element-8ccc2cc e-con-full e-flex e-con e-child\" data-id=\"8ccc2cc\" data-element_type=\"container\">\n\t\t\t\t<div class=\"elementor-element elementor-element-a777f64 elementor-widget elementor-widget-heading\" data-id=\"a777f64\" data-element_type=\"widget\" data-widget_type=\"heading.default\">\n\t\t\t\t<div class=\"elementor-widget-container\">\n\t\t\t\t\t<h2 class=\"elementor-heading-title elementor-size-default\">\u00a1P\u00f3ngase en contacto hoy mismo!<\/h2>\t\t\t\t<\/div>\n\t\t\t\t<\/div>\n\t\t\t\t<div class=\"elementor-element elementor-element-abde729 elementor-widget elementor-widget-heading\" data-id=\"abde729\" data-element_type=\"widget\" data-widget_type=\"heading.default\">\n\t\t\t\t<div class=\"elementor-widget-container\">\n\t\t\t\t\t<h3 class=\"elementor-heading-title elementor-size-default\">Estamos aqu\u00ed para crear la escapada perfecta para usted.<\/h3>\t\t\t\t<\/div>\n\t\t\t\t<\/div>\n\t\t\t\t<\/div>\n\t\t<div class=\"elementor-element elementor-element-6c1b968 e-con-full e-flex e-con e-child\" data-id=\"6c1b968\" data-element_type=\"container\">\n\t\t\t\t<div class=\"elementor-element elementor-element-57c8f23 elementor-align-center elementor-widget elementor-widget-button\" data-id=\"57c8f23\" data-element_type=\"widget\" data-widget_type=\"button.default\">\n\t\t\t\t<div class=\"elementor-widget-container\">\n\t\t\t\t\t\t\t\t\t<div class=\"elementor-button-wrapper\">\n\t\t\t\t\t<a class=\"elementor-button elementor-button-link elementor-size-sm\" href=\"https:\/\/aventurasworld.com\/es\/contact-us\/\">\n\t\t\t\t\t\t<span class=\"elementor-button-content-wrapper\">\n\t\t\t\t\t\t\t\t\t<span class=\"elementor-button-text\">CONT\u00c1CTANOS \u2192<\/span>\n\t\t\t\t\t<\/span>\n\t\t\t\t\t<\/a>\n\t\t\t\t<\/div>\n\t\t\t\t\t\t\t\t<\/div>\n\t\t\t\t<\/div>\n\t\t\t\t<\/div>\n\t\t\t\t\t<\/div>\n\t\t\t\t<\/div>\n\t\t\t\t<\/div>","protected":false},"excerpt":{"rendered":"<p>Punta Cana The sugary sand of a Punta Cana beach is so soft, so perfectly golden that you might think it was synthetic. And in fact, in this easternmost tip of the Dominican Republic, it&#8217;s possible. By definition, Punta Cana is a manufactured Caribbean getaway, completely catering to the needs of sun-seeking vacationers who enjoy [&hellip;]<\/p>","protected":false},"author":1,"featured_media":0,"parent":0,"menu_order":0,"comment_status":"closed","ping_status":"closed","template":"","meta":{"site-sidebar-layout":"no-sidebar","site-content-layout":"page-builder","ast-site-content-layout":"","site-content-style":"default","site-sidebar-style":"default","ast-global-header-display":"","ast-banner-title-visibility":"","ast-main-header-display":"","ast-hfb-above-header-display":"","ast-hfb-below-header-display":"","ast-hfb-mobile-header-display":"","site-post-title":"disabled","ast-breadcrumbs-content":"","ast-featured-img":"disabled","footer-sml-layout":"","theme-transparent-header-meta":"enabled","adv-header-id-meta":"","stick-header-meta":"","header-above-stick-meta":"","header-main-stick-meta":"","header-below-stick-meta":"","astra-migrate-meta-layouts":"default","ast-page-background-enabled":"default","ast-page-background-meta":{"desktop":{"background-color":"","background-image":"","background-repeat":"repeat","background-position":"center center","background-size":"auto","background-attachment":"scroll","background-type":"","background-media":"","overlay-type":"","overlay-color":"","overlay-opacity":"","overlay-gradient":""},"tablet":{"background-color":"","background-image":"","background-repeat":"repeat","background-position":"center center","background-size":"auto","background-attachment":"scroll","background-type":"","background-media":"","overlay-type":"","overlay-color":"","overlay-opacity":"","overlay-gradient":""},"mobile":{"background-color":"","background-image":"","background-repeat":"repeat","background-position":"center center","background-size":"auto","background-attachment":"scroll","background-type":"","background-media":"","overlay-type":"","overlay-color":"","overlay-opacity":"","overlay-gradient":""}},"ast-content-background-meta":{"desktop":{"background-color":"var(--ast-global-color-5)","background-image":"","background-repeat":"repeat","background-position":"center center","background-size":"auto","background-attachment":"scroll","background-type":"","background-media":"","overlay-type":"","overlay-color":"","overlay-opacity":"","overlay-gradient":""},"tablet":{"background-color":"var(--ast-global-color-5)","background-image":"","background-repeat":"repeat","background-position":"center center","background-size":"auto","background-attachment":"scroll","background-type":"","background-media":"","overlay-type":"","overlay-color":"","overlay-opacity":"","overlay-gradient":""},"mobile":{"background-color":"var(--ast-global-color-5)","background-image":"","background-repeat":"repeat","background-position":"center center","background-size":"auto","background-attachment":"scroll","background-type":"","background-media":"","overlay-type":"","overlay-color":"","overlay-opacity":"","overlay-gradient":""}},"footnotes":""},"class_list":["post-1560","page","type-page","status-publish","hentry"],"aioseo_notices":[],"_links":{"self":[{"href":"https:\/\/aventurasworld.com\/es\/wp-json\/wp\/v2\/pages\/1560"}],"collection":[{"href":"https:\/\/aventurasworld.com\/es\/wp-json\/wp\/v2\/pages"}],"about":[{"href":"https:\/\/aventurasworld.com\/es\/wp-json\/wp\/v2\/types\/page"}],"author":[{"embeddable":true,"href":"https:\/\/aventurasworld.com\/es\/wp-json\/wp\/v2\/users\/1"}],"replies":[{"embeddable":true,"href":"https:\/\/aventurasworld.com\/es\/wp-json\/wp\/v2\/comments?post=1560"}],"version-history":[{"count":16,"href":"https:\/\/aventurasworld.com\/es\/wp-json\/wp\/v2\/pages\/1560\/revisions"}],"predecessor-version":[{"id":1770,"href":"https:\/\/aventurasworld.com\/es\/wp-json\/wp\/v2\/pages\/1560\/revisions\/1770"}],"wp:attachment":[{"href":"https:\/\/aventurasworld.com\/es\/wp-json\/wp\/v2\/media?parent=1560"}],"curies":[{"name":"wp","href":"https:\/\/api.w.org\/{rel}","templated":true}]}}