{"id":1576,"date":"2024-11-13T22:38:41","date_gmt":"2024-11-13T22:38:41","guid":{"rendered":"https:\/\/aventurasworld.com\/?page_id=1576"},"modified":"2025-04-30T23:45:35","modified_gmt":"2025-04-30T23:45:35","slug":"panama","status":"publish","type":"page","link":"https:\/\/aventurasworld.com\/es\/panama\/","title":{"rendered":"Panam\u00e1"},"content":{"rendered":"<div data-elementor-type=\"wp-page\" data-elementor-id=\"1576\" class=\"elementor elementor-1576\">\n\t\t\t\t\t\t<section class=\"elementor-section elementor-top-section elementor-element elementor-element-1e04045 elementor-section-boxed elementor-section-height-default elementor-section-height-default\" data-id=\"1e04045\" data-element_type=\"section\" data-settings=\"{&quot;background_background&quot;:&quot;classic&quot;}\">\n\t\t\t\t\t\t\t<div class=\"elementor-background-overlay\"><\/div>\n\t\t\t\t\t\t\t<div class=\"elementor-container elementor-column-gap-no\">\n\t\t\t\t\t<div class=\"elementor-column elementor-col-100 elementor-top-column elementor-element elementor-element-bbbd438\" data-id=\"bbbd438\" data-element_type=\"column\">\n\t\t\t<div class=\"elementor-widget-wrap elementor-element-populated\">\n\t\t\t\t\t\t<div class=\"elementor-element elementor-element-6cd514e elementor-widget elementor-widget-heading\" data-id=\"6cd514e\" data-element_type=\"widget\" data-widget_type=\"heading.default\">\n\t\t\t\t<div class=\"elementor-widget-container\">\n\t\t\t\t\t<h1 class=\"elementor-heading-title elementor-size-default\">Panam\u00e1<\/h1>\t\t\t\t<\/div>\n\t\t\t\t<\/div>\n\t\t\t\t\t<\/div>\n\t\t<\/div>\n\t\t\t\t\t<\/div>\n\t\t<\/section>\n\t\t\t\t<section class=\"elementor-section elementor-top-section elementor-element elementor-element-60c1c9e elementor-section-boxed elementor-section-height-default elementor-section-height-default\" data-id=\"60c1c9e\" data-element_type=\"section\">\n\t\t\t\t\t\t<div class=\"elementor-container elementor-column-gap-no\">\n\t\t\t\t\t<div class=\"elementor-column elementor-col-50 elementor-top-column elementor-element elementor-element-3f1dadf\" data-id=\"3f1dadf\" data-element_type=\"column\" data-settings=\"{&quot;background_background&quot;:&quot;classic&quot;}\">\n\t\t\t<div class=\"elementor-widget-wrap elementor-element-populated\">\n\t\t\t\t\t\t<div class=\"elementor-element elementor-element-1126aa2 elementor-widget elementor-widget-text-editor\" data-id=\"1126aa2\" data-element_type=\"widget\" data-widget_type=\"text-editor.default\">\n\t\t\t\t<div class=\"elementor-widget-container\">\n\t\t\t\t\t\t\t\t\t<p>La Rep\u00fablica de Panam\u00e1 es el pa\u00eds m\u00e1s meridional de Centroam\u00e9rica. Es una antigua colonia espa\u00f1ola con una poblaci\u00f3n mixta de criollos, mestizos, inmigrantes europeos, africanos e ind\u00edgenas. Panam\u00e1 limita al noroeste con Costa Rica, al sureste con Colombia, al norte con el mar Caribe y al sur con el oc\u00e9ano Pac\u00edfico. Panam\u00e1 es conocido como pa\u00eds de tr\u00e1nsito por el Canal de Panam\u00e1. Aunque el pa\u00eds es conocido por su famoso canal, sus atractivos naturales incluyen excursiones para observar aves, rafting en aguas bravas y buceo con tubo. Se dice que la biodiversidad de Panam\u00e1 es tres veces mayor que la de Estados Unidos, Canad\u00e1 y Europa juntos.<\/p><p>M\u00e1s del 29% del paisaje del pa\u00eds incluye 15 parques nacionales, reservas forestales y 10 reservas naturales. Panam\u00e1 forma un puente terrestre natural que conecta Sudam\u00e9rica y Centroam\u00e9rica. La superficie del pa\u00eds es de 74.046 kil\u00f3metros cuadrados (25.590 millas cuadradas). Seg\u00fan el censo de 2000, Panam\u00e1 ten\u00eda una poblaci\u00f3n de 2,8 millones de habitantes. De ellos, 1 mill\u00f3n vive en Ciudad de Panam\u00e1 y sus alrededores.<\/p>\t\t\t\t\t\t\t\t<\/div>\n\t\t\t\t<\/div>\n\t\t\t\t<div class=\"elementor-element elementor-element-3558008 elementor-align-center elementor-widget elementor-widget-button\" data-id=\"3558008\" data-element_type=\"widget\" data-widget_type=\"button.default\">\n\t\t\t\t<div class=\"elementor-widget-container\">\n\t\t\t\t\t\t\t\t\t<div class=\"elementor-button-wrapper\">\n\t\t\t\t\t<a class=\"elementor-button elementor-button-link elementor-size-sm\" href=\"https:\/\/aventurasworld.com\/es\/producto\/panama-city\/\">\n\t\t\t\t\t\t<span class=\"elementor-button-content-wrapper\">\n\t\t\t\t\t\t\t\t\t<span class=\"elementor-button-text\">From $1,550<\/span>\n\t\t\t\t\t<\/span>\n\t\t\t\t\t<\/a>\n\t\t\t\t<\/div>\n\t\t\t\t\t\t\t\t<\/div>\n\t\t\t\t<\/div>\n\t\t\t\t\t<\/div>\n\t\t<\/div>\n\t\t\t\t<div class=\"elementor-column elementor-col-50 elementor-top-column elementor-element elementor-element-a17852a\" data-id=\"a17852a\" data-element_type=\"column\" data-settings=\"{&quot;background_background&quot;:&quot;classic&quot;}\">\n\t\t\t<div class=\"elementor-widget-wrap elementor-element-populated\">\n\t\t\t\t\t\t<div class=\"elementor-element elementor-element-fdc554c elementor-widget__width-auto e-transform elementor-widget elementor-widget-image\" data-id=\"fdc554c\" data-element_type=\"widget\" data-settings=\"{&quot;_transform_translateX_effect&quot;:{&quot;unit&quot;:&quot;px&quot;,&quot;size&quot;:-28,&quot;sizes&quot;:[]},&quot;_transform_translateY_effect&quot;:{&quot;unit&quot;:&quot;px&quot;,&quot;size&quot;:0,&quot;sizes&quot;:[]},&quot;_transform_translateX_effect_tablet&quot;:{&quot;unit&quot;:&quot;px&quot;,&quot;size&quot;:0,&quot;sizes&quot;:[]},&quot;_transform_translateX_effect_mobile&quot;:{&quot;unit&quot;:&quot;px&quot;,&quot;size&quot;:&quot;&quot;,&quot;sizes&quot;:[]},&quot;_transform_translateY_effect_tablet&quot;:{&quot;unit&quot;:&quot;px&quot;,&quot;size&quot;:&quot;&quot;,&quot;sizes&quot;:[]},&quot;_transform_translateY_effect_mobile&quot;:{&quot;unit&quot;:&quot;px&quot;,&quot;size&quot;:&quot;&quot;,&quot;sizes&quot;:[]}}\" data-widget_type=\"image.default\">\n\t\t\t\t<div class=\"elementor-widget-container\">\n\t\t\t\t\t\t\t\t\t\t\t\t\t\t\t<img fetchpriority=\"high\" decoding=\"async\" width=\"959\" height=\"639\" src=\"https:\/\/aventurasworld.com\/wp-content\/uploads\/2024\/11\/3-2.jpg\" class=\"elementor-animation-bob attachment-full size-full wp-image-1578\" alt=\"\" srcset=\"https:\/\/aventurasworld.com\/wp-content\/uploads\/2024\/11\/3-2.jpg 959w, https:\/\/aventurasworld.com\/wp-content\/uploads\/2024\/11\/3-2-600x400.jpg 600w, https:\/\/aventurasworld.com\/wp-content\/uploads\/2024\/11\/3-2-300x200.jpg 300w, https:\/\/aventurasworld.com\/wp-content\/uploads\/2024\/11\/3-2-768x512.jpg 768w, https:\/\/aventurasworld.com\/wp-content\/uploads\/2024\/11\/3-2-18x12.jpg 18w\" sizes=\"(max-width: 959px) 100vw, 959px\" \/>\t\t\t\t\t\t\t\t\t\t\t\t\t\t\t<\/div>\n\t\t\t\t<\/div>\n\t\t\t\t<div class=\"elementor-element elementor-element-4539147 elementor-widget__width-auto e-transform elementor-widget elementor-widget-image\" data-id=\"4539147\" data-element_type=\"widget\" data-settings=\"{&quot;_transform_translateX_effect&quot;:{&quot;unit&quot;:&quot;px&quot;,&quot;size&quot;:-28,&quot;sizes&quot;:[]},&quot;_transform_translateY_effect&quot;:{&quot;unit&quot;:&quot;px&quot;,&quot;size&quot;:0,&quot;sizes&quot;:[]},&quot;_transform_translateX_effect_tablet&quot;:{&quot;unit&quot;:&quot;px&quot;,&quot;size&quot;:0,&quot;sizes&quot;:[]},&quot;_transform_translateX_effect_mobile&quot;:{&quot;unit&quot;:&quot;px&quot;,&quot;size&quot;:&quot;&quot;,&quot;sizes&quot;:[]},&quot;_transform_translateY_effect_tablet&quot;:{&quot;unit&quot;:&quot;px&quot;,&quot;size&quot;:&quot;&quot;,&quot;sizes&quot;:[]},&quot;_transform_translateY_effect_mobile&quot;:{&quot;unit&quot;:&quot;px&quot;,&quot;size&quot;:&quot;&quot;,&quot;sizes&quot;:[]}}\" data-widget_type=\"image.default\">\n\t\t\t\t<div class=\"elementor-widget-container\">\n\t\t\t\t\t\t\t\t\t\t\t\t\t\t\t<img decoding=\"async\" width=\"2560\" height=\"1714\" src=\"https:\/\/aventurasworld.com\/wp-content\/uploads\/2024\/11\/5-3-scaled.jpg\" class=\"elementor-animation-bob attachment-full size-full wp-image-1579\" alt=\"\" srcset=\"https:\/\/aventurasworld.com\/wp-content\/uploads\/2024\/11\/5-3-scaled.jpg 2560w, https:\/\/aventurasworld.com\/wp-content\/uploads\/2024\/11\/5-3-scaled-600x402.jpg 600w, https:\/\/aventurasworld.com\/wp-content\/uploads\/2024\/11\/5-3-300x201.jpg 300w, https:\/\/aventurasworld.com\/wp-content\/uploads\/2024\/11\/5-3-1024x685.jpg 1024w, https:\/\/aventurasworld.com\/wp-content\/uploads\/2024\/11\/5-3-768x514.jpg 768w, https:\/\/aventurasworld.com\/wp-content\/uploads\/2024\/11\/5-3-1536x1028.jpg 1536w, https:\/\/aventurasworld.com\/wp-content\/uploads\/2024\/11\/5-3-2048x1371.jpg 2048w, https:\/\/aventurasworld.com\/wp-content\/uploads\/2024\/11\/5-3-18x12.jpg 18w\" sizes=\"(max-width: 2560px) 100vw, 2560px\" \/>\t\t\t\t\t\t\t\t\t\t\t\t\t\t\t<\/div>\n\t\t\t\t<\/div>\n\t\t\t\t<div class=\"elementor-element elementor-element-672f5cf elementor-widget-divider--view-line elementor-widget elementor-widget-divider\" data-id=\"672f5cf\" data-element_type=\"widget\" data-widget_type=\"divider.default\">\n\t\t\t\t<div class=\"elementor-widget-container\">\n\t\t\t\t\t\t\t<div class=\"elementor-divider\">\n\t\t\t<span class=\"elementor-divider-separator\">\n\t\t\t\t\t\t<\/span>\n\t\t<\/div>\n\t\t\t\t\t\t<\/div>\n\t\t\t\t<\/div>\n\t\t\t\t\t<\/div>\n\t\t<\/div>\n\t\t\t\t\t<\/div>\n\t\t<\/section>\n\t\t<div class=\"elementor-element elementor-element-85421d2 e-flex e-con-boxed e-con e-parent\" data-id=\"85421d2\" data-element_type=\"container\" data-settings=\"{&quot;background_background&quot;:&quot;classic&quot;}\">\n\t\t\t\t\t<div class=\"e-con-inner\">\n\t\t<div class=\"elementor-element elementor-element-8ccc2cc e-con-full e-flex e-con e-child\" data-id=\"8ccc2cc\" data-element_type=\"container\">\n\t\t\t\t<div class=\"elementor-element elementor-element-a777f64 elementor-widget elementor-widget-heading\" data-id=\"a777f64\" data-element_type=\"widget\" data-widget_type=\"heading.default\">\n\t\t\t\t<div class=\"elementor-widget-container\">\n\t\t\t\t\t<h2 class=\"elementor-heading-title elementor-size-default\">\u00a1P\u00f3ngase en contacto hoy mismo!<\/h2>\t\t\t\t<\/div>\n\t\t\t\t<\/div>\n\t\t\t\t<div class=\"elementor-element elementor-element-abde729 elementor-widget elementor-widget-heading\" data-id=\"abde729\" data-element_type=\"widget\" data-widget_type=\"heading.default\">\n\t\t\t\t<div class=\"elementor-widget-container\">\n\t\t\t\t\t<h3 class=\"elementor-heading-title elementor-size-default\">Estamos aqu\u00ed para crear la escapada perfecta para usted.<\/h3>\t\t\t\t<\/div>\n\t\t\t\t<\/div>\n\t\t\t\t<\/div>\n\t\t<div class=\"elementor-element elementor-element-6c1b968 e-con-full e-flex e-con e-child\" data-id=\"6c1b968\" data-element_type=\"container\">\n\t\t\t\t<div class=\"elementor-element elementor-element-57c8f23 elementor-align-center elementor-widget elementor-widget-button\" data-id=\"57c8f23\" data-element_type=\"widget\" data-widget_type=\"button.default\">\n\t\t\t\t<div class=\"elementor-widget-container\">\n\t\t\t\t\t\t\t\t\t<div class=\"elementor-button-wrapper\">\n\t\t\t\t\t<a class=\"elementor-button elementor-button-link elementor-size-sm\" href=\"https:\/\/aventurasworld.com\/es\/contact-us\/\">\n\t\t\t\t\t\t<span class=\"elementor-button-content-wrapper\">\n\t\t\t\t\t\t\t\t\t<span class=\"elementor-button-text\">CONT\u00c1CTANOS \u2192<\/span>\n\t\t\t\t\t<\/span>\n\t\t\t\t\t<\/a>\n\t\t\t\t<\/div>\n\t\t\t\t\t\t\t\t<\/div>\n\t\t\t\t<\/div>\n\t\t\t\t<\/div>\n\t\t\t\t\t<\/div>\n\t\t\t\t<\/div>\n\t\t\t\t<\/div>","protected":false},"excerpt":{"rendered":"<p>Panam\u00e1 The Republic of Panama is the southernmost country in Central America. It is a former Spanish colony with a mixed population of Creoles, mestizos, European immigrants, Africans, and indigenous Indians. Panama is bordered Costa Rica to the northwest, Colombia to the south-east, the Caribbean Sea to the north and the Pacific Ocean to the [&hellip;]<\/p>","protected":false},"author":1,"featured_media":0,"parent":0,"menu_order":0,"comment_status":"closed","ping_status":"closed","template":"","meta":{"site-sidebar-layout":"no-sidebar","site-content-layout":"page-builder","ast-site-content-layout":"","site-content-style":"default","site-sidebar-style":"default","ast-global-header-display":"","ast-banner-title-visibility":"","ast-main-header-display":"","ast-hfb-above-header-display":"","ast-hfb-below-header-display":"","ast-hfb-mobile-header-display":"","site-post-title":"disabled","ast-breadcrumbs-content":"","ast-featured-img":"disabled","footer-sml-layout":"","theme-transparent-header-meta":"enabled","adv-header-id-meta":"","stick-header-meta":"","header-above-stick-meta":"","header-main-stick-meta":"","header-below-stick-meta":"","astra-migrate-meta-layouts":"default","ast-page-background-enabled":"default","ast-page-background-meta":{"desktop":{"background-color":"","background-image":"","background-repeat":"repeat","background-position":"center center","background-size":"auto","background-attachment":"scroll","background-type":"","background-media":"","overlay-type":"","overlay-color":"","overlay-opacity":"","overlay-gradient":""},"tablet":{"background-color":"","background-image":"","background-repeat":"repeat","background-position":"center center","background-size":"auto","background-attachment":"scroll","background-type":"","background-media":"","overlay-type":"","overlay-color":"","overlay-opacity":"","overlay-gradient":""},"mobile":{"background-color":"","background-image":"","background-repeat":"repeat","background-position":"center center","background-size":"auto","background-attachment":"scroll","background-type":"","background-media":"","overlay-type":"","overlay-color":"","overlay-opacity":"","overlay-gradient":""}},"ast-content-background-meta":{"desktop":{"background-color":"var(--ast-global-color-5)","background-image":"","background-repeat":"repeat","background-position":"center center","background-size":"auto","background-attachment":"scroll","background-type":"","background-media":"","overlay-type":"","overlay-color":"","overlay-opacity":"","overlay-gradient":""},"tablet":{"background-color":"var(--ast-global-color-5)","background-image":"","background-repeat":"repeat","background-position":"center center","background-size":"auto","background-attachment":"scroll","background-type":"","background-media":"","overlay-type":"","overlay-color":"","overlay-opacity":"","overlay-gradient":""},"mobile":{"background-color":"var(--ast-global-color-5)","background-image":"","background-repeat":"repeat","background-position":"center center","background-size":"auto","background-attachment":"scroll","background-type":"","background-media":"","overlay-type":"","overlay-color":"","overlay-opacity":"","overlay-gradient":""}},"footnotes":""},"class_list":["post-1576","page","type-page","status-publish","hentry"],"aioseo_notices":[],"_links":{"self":[{"href":"https:\/\/aventurasworld.com\/es\/wp-json\/wp\/v2\/pages\/1576"}],"collection":[{"href":"https:\/\/aventurasworld.com\/es\/wp-json\/wp\/v2\/pages"}],"about":[{"href":"https:\/\/aventurasworld.com\/es\/wp-json\/wp\/v2\/types\/page"}],"author":[{"embeddable":true,"href":"https:\/\/aventurasworld.com\/es\/wp-json\/wp\/v2\/users\/1"}],"replies":[{"embeddable":true,"href":"https:\/\/aventurasworld.com\/es\/wp-json\/wp\/v2\/comments?post=1576"}],"version-history":[{"count":10,"href":"https:\/\/aventurasworld.com\/es\/wp-json\/wp\/v2\/pages\/1576\/revisions"}],"predecessor-version":[{"id":1767,"href":"https:\/\/aventurasworld.com\/es\/wp-json\/wp\/v2\/pages\/1576\/revisions\/1767"}],"wp:attachment":[{"href":"https:\/\/aventurasworld.com\/es\/wp-json\/wp\/v2\/media?parent=1576"}],"curies":[{"name":"wp","href":"https:\/\/api.w.org\/{rel}","templated":true}]}}