{"id":1694,"date":"2025-04-30T21:10:45","date_gmt":"2025-04-30T21:10:45","guid":{"rendered":"https:\/\/aventurasworld.com\/?post_type=product&#038;p=1694"},"modified":"2025-05-06T00:45:26","modified_gmt":"2025-05-06T00:45:26","slug":"panama-city","status":"publish","type":"product","link":"https:\/\/aventurasworld.com\/es\/producto\/panama-city\/","title":{"rendered":"Panama City"},"content":{"rendered":"<h2 class=\"elementor-heading-title elementor-size-default\">\u00bfQu\u00e9 incluimos?<\/h2>\n<p>&nbsp;<\/p>\n<ul>\n<li style=\"list-style-type: none;\">\n<ul class=\"elementor-icon-list-items\">\n<li class=\"elementor-icon-list-item\">Traslado aeropuerto PTY \/ Hotel \/ aeropuerto PTY (servicio regular). F (+30).<\/li>\n<li class=\"elementor-icon-list-item\">2 nights of hotel accommodation with breakfast.<\/li>\n<li class=\"elementor-icon-list-item\">Recorrido por la ciudad y canales, finalizando en el centro comercial Albrook.<\/li>\n<li class=\"elementor-icon-list-item\">Assistance card.<\/li>\n<\/ul>\n<\/li>\n<\/ul>","protected":false},"excerpt":{"rendered":"<p>La Rep\u00fablica de Panam\u00e1 es el pa\u00eds m\u00e1s meridional de Centroam\u00e9rica. Es una antigua colonia espa\u00f1ola con una poblaci\u00f3n mixta de criollos, mestizos, inmigrantes europeos, africanos e ind\u00edgenas. Panam\u00e1 limita al noroeste con Costa Rica, al sureste con Colombia, al norte con el mar Caribe y al sur con el oc\u00e9ano Pac\u00edfico. Panam\u00e1 es conocido como pa\u00eds de tr\u00e1nsito por el Canal de Panam\u00e1. Aunque el pa\u00eds es conocido por su famoso canal, sus atractivos naturales incluyen excursiones para observar aves, rafting en aguas bravas y buceo con tubo. Se dice que la biodiversidad de Panam\u00e1 es tres veces mayor que la de Estados Unidos, Canad\u00e1 y Europa juntos.<\/p>","protected":false},"featured_media":1577,"comment_status":"open","ping_status":"closed","template":"","meta":{"site-sidebar-layout":"default","site-content-layout":"","ast-site-content-layout":"default","site-content-style":"default","site-sidebar-style":"default","ast-global-header-display":"","ast-banner-title-visibility":"","ast-main-header-display":"","ast-hfb-above-header-display":"","ast-hfb-below-header-display":"","ast-hfb-mobile-header-display":"","site-post-title":"","ast-breadcrumbs-content":"","ast-featured-img":"","footer-sml-layout":"","theme-transparent-header-meta":"default","adv-header-id-meta":"","stick-header-meta":"","header-above-stick-meta":"","header-main-stick-meta":"","header-below-stick-meta":"","astra-migrate-meta-layouts":"set","ast-page-background-enabled":"default","ast-page-background-meta":{"desktop":{"background-color":"","background-image":"","background-repeat":"repeat","background-position":"center center","background-size":"auto","background-attachment":"scroll","background-type":"","background-media":"","overlay-type":"","overlay-color":"","overlay-opacity":"","overlay-gradient":""},"tablet":{"background-color":"","background-image":"","background-repeat":"repeat","background-position":"center center","background-size":"auto","background-attachment":"scroll","background-type":"","background-media":"","overlay-type":"","overlay-color":"","overlay-opacity":"","overlay-gradient":""},"mobile":{"background-color":"","background-image":"","background-repeat":"repeat","background-position":"center center","background-size":"auto","background-attachment":"scroll","background-type":"","background-media":"","overlay-type":"","overlay-color":"","overlay-opacity":"","overlay-gradient":""}},"ast-content-background-meta":{"desktop":{"background-color":"var(--ast-global-color-5)","background-image":"","background-repeat":"repeat","background-position":"center center","background-size":"auto","background-attachment":"scroll","background-type":"","background-media":"","overlay-type":"","overlay-color":"","overlay-opacity":"","overlay-gradient":""},"tablet":{"background-color":"var(--ast-global-color-5)","background-image":"","background-repeat":"repeat","background-position":"center center","background-size":"auto","background-attachment":"scroll","background-type":"","background-media":"","overlay-type":"","overlay-color":"","overlay-opacity":"","overlay-gradient":""},"mobile":{"background-color":"var(--ast-global-color-5)","background-image":"","background-repeat":"repeat","background-position":"center center","background-size":"auto","background-attachment":"scroll","background-type":"","background-media":"","overlay-type":"","overlay-color":"","overlay-opacity":"","overlay-gradient":""}}},"product_brand":[],"product_cat":[27],"product_tag":[],"class_list":{"0":"post-1694","1":"product","2":"type-product","3":"status-publish","4":"has-post-thumbnail","6":"product_cat-panama","7":"desktop-align-left","8":"tablet-align-left","9":"mobile-align-left","11":"first","12":"instock","13":"shipping-taxable","14":"purchasable","15":"product-type-simple"},"aioseo_notices":[],"_links":{"self":[{"href":"https:\/\/aventurasworld.com\/es\/wp-json\/wp\/v2\/product\/1694"}],"collection":[{"href":"https:\/\/aventurasworld.com\/es\/wp-json\/wp\/v2\/product"}],"about":[{"href":"https:\/\/aventurasworld.com\/es\/wp-json\/wp\/v2\/types\/product"}],"replies":[{"embeddable":true,"href":"https:\/\/aventurasworld.com\/es\/wp-json\/wp\/v2\/comments?post=1694"}],"wp:featuredmedia":[{"embeddable":true,"href":"https:\/\/aventurasworld.com\/es\/wp-json\/wp\/v2\/media\/1577"}],"wp:attachment":[{"href":"https:\/\/aventurasworld.com\/es\/wp-json\/wp\/v2\/media?parent=1694"}],"wp:term":[{"taxonomy":"product_brand","embeddable":true,"href":"https:\/\/aventurasworld.com\/es\/wp-json\/wp\/v2\/product_brand?post=1694"},{"taxonomy":"product_cat","embeddable":true,"href":"https:\/\/aventurasworld.com\/es\/wp-json\/wp\/v2\/product_cat?post=1694"},{"taxonomy":"product_tag","embeddable":true,"href":"https:\/\/aventurasworld.com\/es\/wp-json\/wp\/v2\/product_tag?post=1694"}],"curies":[{"name":"wp","href":"https:\/\/api.w.org\/{rel}","templated":true}]}}